{"id":9395,"date":"2024-06-11T10:10:57","date_gmt":"2024-06-11T09:10:57","guid":{"rendered":"https:\/\/jobtoolz.com\/jobtoolz-makes-switch-to-amazon-web-services-aws\/"},"modified":"2024-06-14T11:11:22","modified_gmt":"2024-06-14T10:11:22","slug":"jobtoolz-passe-a-amazon-web-services-aws","status":"publish","type":"page","link":"https:\/\/jobtoolz.com\/FR_FR\/jobtoolz-passe-a-amazon-web-services-aws\/","title":{"rendered":"Jobtoolz passe \u00e0 Amazon Web Services (AWS)"},"content":{"rendered":"<p><div class=\"fusion-fullwidth fullwidth-box fusion-builder-row-1 fusion-flex-container nonhundred-percent-fullwidth non-hundred-percent-height-scrolling\" style=\"--awb-border-radius-top-left:0px;--awb-border-radius-top-right:0px;--awb-border-radius-bottom-right:0px;--awb-border-radius-bottom-left:0px;--awb-padding-right:24px;--awb-padding-left:24px;--awb-padding-top-small:40px;--awb-flex-wrap:wrap;\" ><div class=\"fusion-builder-row fusion-row fusion-flex-align-items-flex-start fusion-flex-justify-content-center fusion-flex-content-wrap\" style=\"max-width:1248px;margin-left: calc(-4% \/ 2 );margin-right: calc(-4% \/ 2 );\"><div class=\"fusion-layout-column fusion_builder_column fusion-builder-column-0 fusion_builder_column_4_5 4_5 fusion-flex-column\" style=\"--awb-bg-blend:overlay;--awb-bg-size:cover;--awb-width-large:80%;--awb-margin-top-large:0px;--awb-spacing-right-large:2.4%;--awb-margin-bottom-large:0px;--awb-spacing-left-large:2.4%;--awb-width-medium:80%;--awb-spacing-right-medium:2.4%;--awb-spacing-left-medium:2.4%;--awb-width-small:100%;--awb-spacing-right-small:1.92%;--awb-spacing-left-small:1.92%;\"><div class=\"fusion-column-wrapper fusion-flex-justify-content-flex-start fusion-content-layout-column\"><div class=\"fusion-title title fusion-title-1 fusion-sep-none fusion-title-center fusion-title-text fusion-title-size-paragraph\" style=\"--awb-text-color:#333333;--awb-margin-bottom:10px;--awb-margin-top-small:80px;--awb-margin-bottom-small:80px;--awb-font-size:18px;\"><p class=\"fusion-title-heading title-heading-center title-heading-tag\" style=\"font-family:&quot;Montserrat&quot;;font-style:normal;font-weight:400;margin:0;font-size:1em;line-height:72px;\"><p style=\"text-align: center;\"><strong>Jobtoolz passe \u00e0 Amazon Web Services (AWS)<\/strong><\/p><\/p><\/div><\/div><\/div><\/div><\/div><div class=\"fusion-fullwidth fullwidth-box fusion-builder-row-2 fusion-flex-container site-policy-text-wrap nonhundred-percent-fullwidth non-hundred-percent-height-scrolling\" style=\"--awb-border-radius-top-left:0px;--awb-border-radius-top-right:0px;--awb-border-radius-bottom-right:0px;--awb-border-radius-bottom-left:0px;--awb-padding-right:24px;--awb-padding-left:24px;--awb-padding-top-small:0px;--awb-padding-right-small:0px;--awb-padding-bottom-small:0px;--awb-padding-left-small:0px;--awb-flex-wrap:wrap;\" ><div class=\"fusion-builder-row fusion-row fusion-flex-align-items-flex-start fusion-flex-justify-content-center fusion-flex-content-wrap\" style=\"max-width:1248px;margin-left: calc(-4% \/ 2 );margin-right: calc(-4% \/ 2 );\"><div class=\"fusion-layout-column fusion_builder_column fusion-builder-column-1 fusion_builder_column_4_5 4_5 fusion-flex-column\" style=\"--awb-bg-blend:overlay;--awb-bg-size:cover;--awb-width-large:80%;--awb-margin-top-large:0px;--awb-spacing-right-large:2.4%;--awb-margin-bottom-large:0px;--awb-spacing-left-large:2.4%;--awb-width-medium:80%;--awb-spacing-right-medium:2.4%;--awb-spacing-left-medium:2.4%;--awb-width-small:100%;--awb-spacing-right-small:1.92%;--awb-spacing-left-small:1.92%;\"><div class=\"fusion-column-wrapper fusion-flex-justify-content-flex-start fusion-content-layout-column\"><div class=\"fusion-text fusion-text-1\" style=\"--awb-font-size:14px;--awb-line-height:30.6px;--awb-text-color:#333333;--awb-text-font-family:&quot;Montserrat&quot;;--awb-text-font-style:normal;--awb-text-font-weight:400;\"><p>Le <strong>vendredi 5 juillet \u00e0 20h<\/strong>, nous passerons \u00e0 notre nouveau fournisseur d&#8217;h\u00e9bergement, Amazon Web Services (AWS). Par cons\u00e9quent, notre plateforme sera hors ligne pour quelques instants, mais nous faisons tout pour que le transfert se d\u00e9roule sans heurts et que le temps d&#8217;indisponibilit\u00e9 soit limit\u00e9 \u00e0 quelques heures.<\/p>\n<p><strong>Quels sont les avantages du nouveau fournisseur d&#8217;h\u00e9bergement ?<\/strong><br \/>\nNous nous pr\u00e9parons \u00e0 la poursuite de la croissance de Jobtoolz, c&#8217;est pourquoi nous passons \u00e0 AWS. Ce changement nous permet de garantir l&#8217;\u00e9volutivit\u00e9 de notre plateforme, ce qui signifie que nous sommes pr\u00eats pour un nombre croissant d&#8217;utilisateurs, et ce n&#8217;est pas le seul avantage :<\/p>\n<p>\ud83d\udc49 Amazon dispose de mesures de s\u00e9curit\u00e9 et de certifications avanc\u00e9es, qui font que notre plateforme sera encore mieux prot\u00e9g\u00e9e contre les cyberattaques.<br \/>\n\ud83d\udc49 Amazon dispose de centres de donn\u00e9es europ\u00e9ens, de sorte que nous restons en conformit\u00e9 avec la l\u00e9gislation GDPR.<br \/>\n\ud83d\udc49 Amazon est une entreprise innovante qui nous permettra de tirer parti de la technologie de demain.<\/p>\n<p><strong>En tant que client, qu&#8217;est-ce que ce changement signifie pour vous?<\/strong><br \/>\nVous avez re\u00e7u un e-mail de notre part ? Suivez alors les instructions pour configurer votre CNAME. Si vous n&#8217;avez pas re\u00e7u d&#8217;e-mail, vous ne devez rien faire. Nous veillerons \u00e0 ce que toutes les donn\u00e9es soient automatiquement transf\u00e9r\u00e9es vers le nouveau fournisseur. Vous pourrez continuer \u00e0 utiliser les URL connus et les connexions existantes seront \u00e9galement maintenues. Vous n&#8217;avez donc aucun souci \u00e0 vous faire.<\/p>\n<\/div><div class=\"fusion-text fusion-text-2\" style=\"--awb-font-size:24px;--awb-text-color:#334076;--awb-text-font-family:&quot;Montserrat&quot;;--awb-text-font-style:normal;--awb-text-font-weight:600;\"><p>FAQ<\/p>\n<\/div><div class=\"fusion-text fusion-text-3\" style=\"--awb-font-size:14px;--awb-text-font-family:&quot;Montserrat&quot;;--awb-text-font-style:normal;--awb-text-font-weight:400;\"><p><strong>Mes donn\u00e9es resteront-elles dans l&#8217;UE?<br \/>\n<\/strong><span style=\"font-weight: 400;\">Oui, nous choisissons d&#8217;utiliser les centres de donn\u00e9es europ\u00e9ens d&#8217;Amazon Web Services, qui est enti\u00e8rement conforme \u00e0 la l\u00e9gislation GDPR actuelle.\u00a0<\/span><\/p>\n<p><strong>Amazon Web Services va-t-il devenir un nouveau sous-processeur?<br \/>\n<\/strong><span style=\"font-weight: 400;\">Jobtoolz utilisait d\u00e9j\u00e0 Amazon Web Services en tant que sous-processeur, maintenant cela sera \u00e9tendu aux services d&#8217;h\u00e9bergement. Vous pouvez trouver la liste compl\u00e8te de nos sous-processeurs <a href=\"https:\/\/jobtoolz.com\/FR_FR\/jobtoolz-sub-processors-page\/\">ici<\/a>.\u00a0\u00a0<\/span><\/p>\n<p><strong>Quel est l&#8217;impact pour moi?<\/strong><\/p>\n<ul>\n<li style=\"font-weight: 400;\" aria-level=\"1\"><span style=\"font-weight: 400;\">Le changement nous permet de vous offrir une plateforme plus rapide et plus s\u00e9curis\u00e9e afin de vous soutenir de mani\u00e8re optimale pendant la proc\u00e9dure de recrutement.<\/span><\/li>\n<li style=\"font-weight: 400;\" aria-level=\"1\"><span style=\"font-weight: 400;\">Le 5 juillet \u00e0 partir de 20h, vous ne pourrez plus utiliser notre plateforme et votre site d&#8217;emploi pendant quelques instants. Nous faisons tout pour que le transfert se d\u00e9roule sans heurts et que le temps d&#8217;indisponibilit\u00e9 soit limit\u00e9 \u00e0 quelques heures.<\/span><\/li>\n<\/ul>\n<\/div><div class=\"fusion-text fusion-text-4\" style=\"--awb-font-size:14px;--awb-text-font-family:&quot;Montserrat&quot;;--awb-text-font-style:normal;--awb-text-font-weight:400;\"><p>Si vous avez des questions ou des commentaires, n&#8217;h\u00e9sitez pas \u00e0 contacter notre \u00e9quipe.<\/p>\n<p>Merci de votre confiance en Jobtoolz!<\/p>\n<\/div><\/div><\/div><\/div><\/div><\/p>\n","protected":false},"excerpt":{"rendered":"","protected":false},"author":8,"featured_media":0,"parent":0,"menu_order":0,"comment_status":"closed","ping_status":"closed","template":"100-width.php","meta":{"_acf_changed":false,"content-type":"","inline_featured_image":false,"_monsterinsights_skip_tracking":false,"_monsterinsights_sitenote_active":false,"_monsterinsights_sitenote_note":"","_monsterinsights_sitenote_category":0,"footnotes":""},"class_list":["post-9395","page","type-page","status-publish","hentry"],"acf":[],"yoast_head":"<!-- This site is optimized with the Yoast SEO plugin v27.3 - https:\/\/yoast.com\/product\/yoast-seo-wordpress\/ -->\n<title>Jobtoolz passe \u00e0 Amazon Web Services (AWS) - Jobtoolz - Applicant Tracking System (ATS)<\/title>\n<meta name=\"robots\" content=\"index, nofollow, max-snippet:-1, max-image-preview:large, max-video-preview:-1\" \/>\n<link rel=\"canonical\" href=\"https:\/\/jobtoolz.com\/FR_FR\/jobtoolz-passe-a-amazon-web-services-aws\/\" \/>\n<meta property=\"og:locale\" content=\"fr_FR\" \/>\n<meta property=\"og:type\" content=\"article\" \/>\n<meta property=\"og:title\" content=\"Jobtoolz passe \u00e0 Amazon Web Services (AWS) - Jobtoolz - Applicant Tracking System (ATS)\" \/>\n<meta property=\"og:url\" content=\"https:\/\/jobtoolz.com\/FR_FR\/jobtoolz-passe-a-amazon-web-services-aws\/\" \/>\n<meta property=\"og:site_name\" content=\"Jobtoolz - Applicant Tracking System (ATS)\" \/>\n<meta property=\"article:modified_time\" content=\"2024-06-14T10:11:22+00:00\" \/>\n<meta name=\"twitter:card\" content=\"summary_large_image\" \/>\n<meta name=\"twitter:label1\" content=\"Est. reading time\" \/>\n\t<meta name=\"twitter:data1\" content=\"2 minutes\" \/>\n<script type=\"application\/ld+json\" class=\"yoast-schema-graph\">{\"@context\":\"https:\\\/\\\/schema.org\",\"@graph\":[{\"@type\":\"WebPage\",\"@id\":\"https:\\\/\\\/jobtoolz.com\\\/FR_FR\\\/jobtoolz-passe-a-amazon-web-services-aws\\\/\",\"url\":\"https:\\\/\\\/jobtoolz.com\\\/FR_FR\\\/jobtoolz-passe-a-amazon-web-services-aws\\\/\",\"name\":\"Jobtoolz passe \u00e0 Amazon Web Services (AWS) - Jobtoolz - Applicant Tracking System (ATS)\",\"isPartOf\":{\"@id\":\"https:\\\/\\\/jobtoolz.com\\\/#website\"},\"datePublished\":\"2024-06-11T09:10:57+00:00\",\"dateModified\":\"2024-06-14T10:11:22+00:00\",\"inLanguage\":\"fr\",\"potentialAction\":[{\"@type\":\"ReadAction\",\"target\":[\"https:\\\/\\\/jobtoolz.com\\\/FR_FR\\\/jobtoolz-passe-a-amazon-web-services-aws\\\/\"]}]},{\"@type\":\"WebSite\",\"@id\":\"https:\\\/\\\/jobtoolz.com\\\/#website\",\"url\":\"https:\\\/\\\/jobtoolz.com\\\/\",\"name\":\"Jobtoolz - Applicant Tracking System (ATS)\",\"description\":\"Easiest recruitment tool on earth that actually fills vacancies\",\"publisher\":{\"@id\":\"https:\\\/\\\/jobtoolz.com\\\/#organization\"},\"potentialAction\":[{\"@type\":\"SearchAction\",\"target\":{\"@type\":\"EntryPoint\",\"urlTemplate\":\"https:\\\/\\\/jobtoolz.com\\\/?s={search_term_string}\"},\"query-input\":{\"@type\":\"PropertyValueSpecification\",\"valueRequired\":true,\"valueName\":\"search_term_string\"}}],\"inLanguage\":\"fr\"},{\"@type\":\"Organization\",\"@id\":\"https:\\\/\\\/jobtoolz.com\\\/#organization\",\"name\":\"Jobtoolz - Applicant Tracking System (ATS)\",\"url\":\"https:\\\/\\\/jobtoolz.com\\\/\",\"logo\":{\"@type\":\"ImageObject\",\"inLanguage\":\"fr\",\"@id\":\"https:\\\/\\\/jobtoolz.com\\\/#\\\/schema\\\/logo\\\/image\\\/\",\"url\":\"https:\\\/\\\/jobtoolz.com\\\/wp-content\\\/uploads\\\/2024\\\/01\\\/Logo-Jobtoolz.png\",\"contentUrl\":\"https:\\\/\\\/jobtoolz.com\\\/wp-content\\\/uploads\\\/2024\\\/01\\\/Logo-Jobtoolz.png\",\"width\":200,\"height\":200,\"caption\":\"Jobtoolz - Applicant Tracking System (ATS)\"},\"image\":{\"@id\":\"https:\\\/\\\/jobtoolz.com\\\/#\\\/schema\\\/logo\\\/image\\\/\"}}]}<\/script>\n<!-- \/ Yoast SEO plugin. -->","yoast_head_json":{"title":"Jobtoolz passe \u00e0 Amazon Web Services (AWS) - Jobtoolz - Applicant Tracking System (ATS)","robots":{"index":"index","follow":"nofollow","max-snippet":"max-snippet:-1","max-image-preview":"max-image-preview:large","max-video-preview":"max-video-preview:-1"},"canonical":"https:\/\/jobtoolz.com\/FR_FR\/jobtoolz-passe-a-amazon-web-services-aws\/","og_locale":"fr_FR","og_type":"article","og_title":"Jobtoolz passe \u00e0 Amazon Web Services (AWS) - Jobtoolz - Applicant Tracking System (ATS)","og_url":"https:\/\/jobtoolz.com\/FR_FR\/jobtoolz-passe-a-amazon-web-services-aws\/","og_site_name":"Jobtoolz - Applicant Tracking System (ATS)","article_modified_time":"2024-06-14T10:11:22+00:00","twitter_card":"summary_large_image","twitter_misc":{"Est. reading time":"2 minutes"},"schema":{"@context":"https:\/\/schema.org","@graph":[{"@type":"WebPage","@id":"https:\/\/jobtoolz.com\/FR_FR\/jobtoolz-passe-a-amazon-web-services-aws\/","url":"https:\/\/jobtoolz.com\/FR_FR\/jobtoolz-passe-a-amazon-web-services-aws\/","name":"Jobtoolz passe \u00e0 Amazon Web Services (AWS) - Jobtoolz - Applicant Tracking System (ATS)","isPartOf":{"@id":"https:\/\/jobtoolz.com\/#website"},"datePublished":"2024-06-11T09:10:57+00:00","dateModified":"2024-06-14T10:11:22+00:00","inLanguage":"fr","potentialAction":[{"@type":"ReadAction","target":["https:\/\/jobtoolz.com\/FR_FR\/jobtoolz-passe-a-amazon-web-services-aws\/"]}]},{"@type":"WebSite","@id":"https:\/\/jobtoolz.com\/#website","url":"https:\/\/jobtoolz.com\/","name":"Jobtoolz - Applicant Tracking System (ATS)","description":"Easiest recruitment tool on earth that actually fills vacancies","publisher":{"@id":"https:\/\/jobtoolz.com\/#organization"},"potentialAction":[{"@type":"SearchAction","target":{"@type":"EntryPoint","urlTemplate":"https:\/\/jobtoolz.com\/?s={search_term_string}"},"query-input":{"@type":"PropertyValueSpecification","valueRequired":true,"valueName":"search_term_string"}}],"inLanguage":"fr"},{"@type":"Organization","@id":"https:\/\/jobtoolz.com\/#organization","name":"Jobtoolz - Applicant Tracking System (ATS)","url":"https:\/\/jobtoolz.com\/","logo":{"@type":"ImageObject","inLanguage":"fr","@id":"https:\/\/jobtoolz.com\/#\/schema\/logo\/image\/","url":"https:\/\/jobtoolz.com\/wp-content\/uploads\/2024\/01\/Logo-Jobtoolz.png","contentUrl":"https:\/\/jobtoolz.com\/wp-content\/uploads\/2024\/01\/Logo-Jobtoolz.png","width":200,"height":200,"caption":"Jobtoolz - Applicant Tracking System (ATS)"},"image":{"@id":"https:\/\/jobtoolz.com\/#\/schema\/logo\/image\/"}}]}},"_links":{"self":[{"href":"https:\/\/jobtoolz.com\/FR_FR\/wp-json\/wp\/v2\/pages\/9395","targetHints":{"allow":["GET"]}}],"collection":[{"href":"https:\/\/jobtoolz.com\/FR_FR\/wp-json\/wp\/v2\/pages"}],"about":[{"href":"https:\/\/jobtoolz.com\/FR_FR\/wp-json\/wp\/v2\/types\/page"}],"author":[{"embeddable":true,"href":"https:\/\/jobtoolz.com\/FR_FR\/wp-json\/wp\/v2\/users\/8"}],"replies":[{"embeddable":true,"href":"https:\/\/jobtoolz.com\/FR_FR\/wp-json\/wp\/v2\/comments?post=9395"}],"version-history":[{"count":0,"href":"https:\/\/jobtoolz.com\/FR_FR\/wp-json\/wp\/v2\/pages\/9395\/revisions"}],"wp:attachment":[{"href":"https:\/\/jobtoolz.com\/FR_FR\/wp-json\/wp\/v2\/media?parent=9395"}],"curies":[{"name":"wp","href":"https:\/\/api.w.org\/{rel}","templated":true}]}}