{"id":4278,"date":"2023-09-01T14:13:52","date_gmt":"2023-09-01T13:13:52","guid":{"rendered":"https:\/\/jobtoolz.com\/blog\/"},"modified":"2025-02-21T10:41:25","modified_gmt":"2025-02-21T10:41:25","slug":"blog","status":"publish","type":"page","link":"https:\/\/jobtoolz.com\/FR_FR\/blog\/","title":{"rendered":"Blog"},"content":{"rendered":"<div class=\"fusion-fullwidth fullwidth-box fusion-builder-row-1 fusion-flex-container has-pattern-background has-mask-background nonhundred-percent-fullwidth non-hundred-percent-height-scrolling\" style=\"--awb-border-radius-top-left:0px;--awb-border-radius-top-right:0px;--awb-border-radius-bottom-right:0px;--awb-border-radius-bottom-left:0px;--awb-padding-top:8px;--awb-padding-right:20px;--awb-padding-bottom:20px;--awb-padding-left:20px;--awb-padding-top-small:48px;--awb-padding-right-small:20px;--awb-padding-bottom-small:20px;--awb-padding-left-small:20px;--awb-background-color:#ffffff;--awb-flex-wrap:wrap;\" ><div class=\"fusion-builder-row fusion-row fusion-flex-align-items-flex-start fusion-flex-content-wrap\" style=\"max-width:1248px;margin-left: calc(-4% \/ 2 );margin-right: calc(-4% \/ 2 );\"><div class=\"fusion-layout-column fusion_builder_column fusion-builder-column-0 fusion_builder_column_1_1 1_1 fusion-flex-column\" style=\"--awb-bg-size:cover;--awb-width-large:100%;--awb-margin-top-large:0px;--awb-spacing-right-large:1.92%;--awb-margin-bottom-large:20px;--awb-spacing-left-large:1.92%;--awb-width-medium:100%;--awb-order-medium:0;--awb-spacing-right-medium:1.92%;--awb-spacing-left-medium:1.92%;--awb-width-small:100%;--awb-order-small:0;--awb-spacing-right-small:1.92%;--awb-margin-bottom-small:0;--awb-spacing-left-small:1.92%;\" data-scroll-devices=\"small-visibility,medium-visibility,large-visibility\"><div class=\"fusion-column-wrapper fusion-column-has-shadow fusion-flex-justify-content-center fusion-content-layout-column\"><div class=\"fusion-title title fusion-title-1 fusion-sep-none fusion-title-center fusion-title-text fusion-title-size-paragraph site-header-for-mobile\" style=\"--awb-text-color:#334076;--awb-margin-top:0px;--awb-margin-bottom:22px;--awb-font-size:38px;\"><p class=\"fusion-title-heading title-heading-center title-heading-tag\" style=\"font-family:&quot;Montserrat&quot;;font-style:normal;font-weight:700;margin:0;font-size:1em;line-height:57px;\">Articles<\/p><\/div><div class=\"fusion-title title fusion-title-2 fusion-sep-none fusion-title-center fusion-title-text fusion-title-size-paragraph\" style=\"--awb-text-color:#313442;--awb-margin-top:0px;--awb-margin-bottom:12px;--awb-margin-top-small:50px;--awb-font-size:18px;\"><p class=\"fusion-title-heading title-heading-center title-heading-tag\" style=\"font-family:&quot;Montserrat&quot;;font-style:normal;font-weight:500;margin:0;font-size:1em;line-height:32.4px;\">Restez \u00e0 la page avec nos diff\u00e9rents articles \u00e9crits par et pour des professionnels RH<\/p><\/div><div class=\"fusion-title title fusion-title-3 fusion-sep-none fusion-title-center fusion-title-text fusion-title-size-paragraph\" style=\"--awb-text-color:#313442;--awb-margin-top:0px;--awb-margin-bottom:20px;--awb-margin-top-small:60px;--awb-margin-bottom-small:20px;--awb-font-size:18px;\"><p class=\"fusion-title-heading title-heading-center title-heading-tag\" style=\"font-family:&quot;Montserrat&quot;;font-style:normal;font-weight:700;margin:0;text-transform:capitalize;font-size:1em;line-height:27px;\">SUJETS<\/p><\/div><div class=\"fusion-post-cards fusion-post-cards-1 fusion-grid-archive fusion-grid-columns-3 wp-blog-list new-wp-blog-list\" style=\"--awb-dots-align:center;--awb-columns:3;--awb-filters-color:#606060;--awb-active-filter-border-size:3px;--awb-filters-height:36px;--awb-filters-alignment-medium:flex-start;--awb-filters-alignment-small:flex-start;\" id=\"wp-blog-list-customise\"><div><ul class=\"fusion-filters\" role=\"menu\" aria-label=\"Post Filters\"><li role=\"presentation\" class=\"fusion-filter fusion-filter-all fusion-active\"><a href=\"#\" data-filter=\"*\" role=\"menuitem\">All<\/a><\/li><li role=\"presentation\" class=\"fusion-filter fusion-hidden\"><a href=\"#\" data-filter=\".uncategorized-fr_fr\" role=\"menuitem\">Non class\u00e9<\/a><\/li><li role=\"presentation\" class=\"fusion-filter fusion-hidden\"><a href=\"#\" data-filter=\".nouvelles\" role=\"menuitem\">Nouvelles<\/a><\/li><\/ul><\/div><ul class=\"fusion-grid fusion-grid-3 fusion-flex-align-items-stretch fusion-grid-posts-cards\"><li class=\"fusion-layout-column fusion_builder_column fusion-builder-column-1 fusion-flex-column post-card fusion-grid-column fusion-post-cards-grid-column nouvelles\" style=\"--awb-bg-blend:overlay;--awb-bg-size:cover;--awb-flex-grow:0;--awb-flex-shrink:0;--awb-flex-grow-medium:0;--awb-flex-shrink-medium:0;--awb-flex-grow-small:0;--awb-flex-shrink-small:0;\"><div class=\"fusion-column-wrapper fusion-flex-justify-content-flex-start fusion-content-layout-column\"><div class=\"fusion-classic-product-image-wrapper fusion-woo-product-image fusion-post-card-image fusion-post-card-image-1\" data-layout=\"static\" style=\"--awb-border-radius-top-left:12px;--awb-border-radius-top-right:12px;--awb-border-radius-bottom-right:12px;--awb-border-radius-bottom-left:12px;\"><div  class=\"fusion-image-wrapper\" aria-haspopup=\"true\">\n\t\t\t\t\t\t\t<a href=\"https:\/\/jobtoolz.com\/FR_FR\/recrutez-en-un-seul-flux-decouvrez-le-module-de-marketing-de-recrutement-renouvele\/\" aria-label=\"Recrutez en un seul flux : d\u00e9couvrez le module de marketing de recrutement renouvel\u00e9\">\n\t\t\t\t\t\t\t<img decoding=\"async\" width=\"749\" height=\"481\" src=\"https:\/\/jobtoolz.com\/wp-content\/uploads\/2023\/09\/5-tips-crisis.jpg\" class=\"attachment-full size-full wp-post-image\" alt=\"7 Employer branding tips\" srcset=\"https:\/\/jobtoolz.com\/wp-content\/uploads\/2023\/09\/5-tips-crisis-200x128.jpg 200w, https:\/\/jobtoolz.com\/wp-content\/uploads\/2023\/09\/5-tips-crisis-400x257.jpg 400w, https:\/\/jobtoolz.com\/wp-content\/uploads\/2023\/09\/5-tips-crisis-600x385.jpg 600w, https:\/\/jobtoolz.com\/wp-content\/uploads\/2023\/09\/5-tips-crisis.jpg 749w\" sizes=\"(min-width: 2200px) 100vw, (min-width: 784px) 373px, (min-width: 712px) 560px, (min-width: 640px) 712px, \" \/>\t\t\t<\/a>\n\t\t\t\t\t\t\t<\/div>\n<\/div><div class=\"fusion-meta-tb fusion-meta-tb-1 floated\" style=\"--awb-height:36px;--awb-alignment-medium:flex-start;--awb-alignment-small:flex-start;\"><span class=\"fusion-tb-categories\"><a href=\"https:\/\/jobtoolz.com\/FR_FR\/category\/nouvelles\/\" rel=\"category tag\">Nouvelles<\/a><\/span><span class=\"fusion-meta-tb-sep\"><\/span><\/div><div class=\"fusion-meta-tb fusion-meta-tb-2 floated\" style=\"--awb-height:36px;--awb-alignment-medium:flex-start;--awb-alignment-small:flex-start;\"><span class=\"fusion-tb-published-date\">3 June 2025<\/span><span class=\"fusion-meta-tb-sep\"><\/span><\/div><div class=\"fusion-title title fusion-title-4 fusion-sep-none fusion-title-center fusion-title-text fusion-title-size-paragraph\" style=\"--awb-text-color:#161616;--awb-margin-top:24px;--awb-margin-bottom:10px;--awb-margin-top-small:20px;--awb-margin-bottom-small:6px;--awb-link-hover-color:#d76728;--awb-font-size:12px;\"><p class=\"fusion-title-heading title-heading-center title-heading-tag\" style=\"margin:0;letter-spacing:-0.012em;text-transform:var(--awb-typography1-text-transform);font-size:1em;line-height:1.2;\"><a href=\"https:\/\/jobtoolz.com\/FR_FR\/recrutez-en-un-seul-flux-decouvrez-le-module-de-marketing-de-recrutement-renouvele\/\" class=\"awb-custom-text-color awb-custom-text-hover-color\" target=\"_self\">Recrutez en un seul flux : d\u00e9couvrez le module de marketing de recrutement renouvel\u00e9<\/a><\/p><\/div><\/div><\/li>\n<li class=\"fusion-layout-column fusion_builder_column fusion-builder-column-2 fusion-flex-column post-card fusion-grid-column fusion-post-cards-grid-column nouvelles\" style=\"--awb-bg-blend:overlay;--awb-bg-size:cover;--awb-flex-grow:0;--awb-flex-shrink:0;--awb-flex-grow-medium:0;--awb-flex-shrink-medium:0;--awb-flex-grow-small:0;--awb-flex-shrink-small:0;\"><div class=\"fusion-column-wrapper fusion-flex-justify-content-flex-start fusion-content-layout-column\"><div class=\"fusion-classic-product-image-wrapper fusion-woo-product-image fusion-post-card-image fusion-post-card-image-1\" data-layout=\"static\" style=\"--awb-border-radius-top-left:12px;--awb-border-radius-top-right:12px;--awb-border-radius-bottom-right:12px;--awb-border-radius-bottom-left:12px;\"><div  class=\"fusion-image-wrapper\" aria-haspopup=\"true\">\n\t\t\t\t\t\t\t<a href=\"https:\/\/jobtoolz.com\/FR_FR\/jobtoolz-se-classe-a-la-325e-place-du-deloitte-emea-fast-500\/\" aria-label=\"Jobtoolz se classe \u00e0 la 325e place du Deloitte EMEA Fast 500.\">\n\t\t\t\t\t\t\t<img decoding=\"async\" width=\"749\" height=\"481\" src=\"https:\/\/jobtoolz.com\/wp-content\/uploads\/2024\/06\/deloitte.jpg\" class=\"attachment-full size-full wp-post-image\" alt=\"\" srcset=\"https:\/\/jobtoolz.com\/wp-content\/uploads\/2024\/06\/deloitte-200x128.jpg 200w, https:\/\/jobtoolz.com\/wp-content\/uploads\/2024\/06\/deloitte-400x257.jpg 400w, https:\/\/jobtoolz.com\/wp-content\/uploads\/2024\/06\/deloitte-600x385.jpg 600w, https:\/\/jobtoolz.com\/wp-content\/uploads\/2024\/06\/deloitte.jpg 749w\" sizes=\"(min-width: 2200px) 100vw, (min-width: 784px) 373px, (min-width: 712px) 560px, (min-width: 640px) 712px, \" \/>\t\t\t<\/a>\n\t\t\t\t\t\t\t<\/div>\n<\/div><div class=\"fusion-meta-tb fusion-meta-tb-3 floated\" style=\"--awb-height:36px;--awb-alignment-medium:flex-start;--awb-alignment-small:flex-start;\"><span class=\"fusion-tb-categories\"><a href=\"https:\/\/jobtoolz.com\/FR_FR\/category\/nouvelles\/\" rel=\"category tag\">Nouvelles<\/a><\/span><span class=\"fusion-meta-tb-sep\"><\/span><\/div><div class=\"fusion-meta-tb fusion-meta-tb-4 floated\" style=\"--awb-height:36px;--awb-alignment-medium:flex-start;--awb-alignment-small:flex-start;\"><span class=\"fusion-tb-published-date\">11 June 2024<\/span><span class=\"fusion-meta-tb-sep\"><\/span><\/div><div class=\"fusion-title title fusion-title-5 fusion-sep-none fusion-title-center fusion-title-text fusion-title-size-paragraph\" style=\"--awb-text-color:#161616;--awb-margin-top:24px;--awb-margin-bottom:10px;--awb-margin-top-small:20px;--awb-margin-bottom-small:6px;--awb-link-hover-color:#d76728;--awb-font-size:12px;\"><p class=\"fusion-title-heading title-heading-center title-heading-tag\" style=\"margin:0;letter-spacing:-0.012em;text-transform:var(--awb-typography1-text-transform);font-size:1em;line-height:1.2;\"><a href=\"https:\/\/jobtoolz.com\/FR_FR\/jobtoolz-se-classe-a-la-325e-place-du-deloitte-emea-fast-500\/\" class=\"awb-custom-text-color awb-custom-text-hover-color\" target=\"_self\">Jobtoolz se classe \u00e0 la 325e place du Deloitte EMEA Fast 500.<\/a><\/p><\/div><\/div><\/li>\n<li class=\"fusion-layout-column fusion_builder_column fusion-builder-column-3 fusion-flex-column post-card fusion-grid-column fusion-post-cards-grid-column uncategorized-fr_fr\" style=\"--awb-bg-blend:overlay;--awb-bg-size:cover;--awb-flex-grow:0;--awb-flex-shrink:0;--awb-flex-grow-medium:0;--awb-flex-shrink-medium:0;--awb-flex-grow-small:0;--awb-flex-shrink-small:0;\"><div class=\"fusion-column-wrapper fusion-flex-justify-content-flex-start fusion-content-layout-column\"><div class=\"fusion-classic-product-image-wrapper fusion-woo-product-image fusion-post-card-image fusion-post-card-image-1\" data-layout=\"static\" style=\"--awb-border-radius-top-left:12px;--awb-border-radius-top-right:12px;--awb-border-radius-bottom-right:12px;--awb-border-radius-bottom-left:12px;\"><div  class=\"fusion-image-wrapper\" aria-haspopup=\"true\">\n\t\t\t\t\t\t\t<a href=\"https:\/\/jobtoolz.com\/FR_FR\/aide-memoire-sur-les-postes-vacants\/\" aria-label=\"Aide-m\u00e9moire sur les postes vacants\">\n\t\t\t\t\t\t\t<img decoding=\"async\" width=\"639\" height=\"506\" src=\"https:\/\/jobtoolz.com\/wp-content\/uploads\/2022\/09\/Mockup-Checklist.png\" class=\"attachment-full size-full wp-post-image\" alt=\"\" srcset=\"https:\/\/jobtoolz.com\/wp-content\/uploads\/2022\/09\/Mockup-Checklist-200x158.png 200w, https:\/\/jobtoolz.com\/wp-content\/uploads\/2022\/09\/Mockup-Checklist-400x317.png 400w, https:\/\/jobtoolz.com\/wp-content\/uploads\/2022\/09\/Mockup-Checklist-600x475.png 600w, https:\/\/jobtoolz.com\/wp-content\/uploads\/2022\/09\/Mockup-Checklist.png 639w\" sizes=\"(min-width: 2200px) 100vw, (min-width: 784px) 373px, (min-width: 712px) 560px, (min-width: 640px) 712px, \" \/>\t\t\t<\/a>\n\t\t\t\t\t\t\t<\/div>\n<\/div><div class=\"fusion-meta-tb fusion-meta-tb-5 floated\" style=\"--awb-height:36px;--awb-alignment-medium:flex-start;--awb-alignment-small:flex-start;\"><span class=\"fusion-tb-categories\"><a href=\"https:\/\/jobtoolz.com\/FR_FR\/category\/uncategorized-fr_fr\/\" rel=\"category tag\">Non class\u00e9<\/a><\/span><span class=\"fusion-meta-tb-sep\"><\/span><\/div><div class=\"fusion-meta-tb fusion-meta-tb-6 floated\" style=\"--awb-height:36px;--awb-alignment-medium:flex-start;--awb-alignment-small:flex-start;\"><span class=\"fusion-tb-published-date\">26 September 2023<\/span><span class=\"fusion-meta-tb-sep\"><\/span><\/div><div class=\"fusion-title title fusion-title-6 fusion-sep-none fusion-title-center fusion-title-text fusion-title-size-paragraph\" style=\"--awb-text-color:#161616;--awb-margin-top:24px;--awb-margin-bottom:10px;--awb-margin-top-small:20px;--awb-margin-bottom-small:6px;--awb-link-hover-color:#d76728;--awb-font-size:12px;\"><p class=\"fusion-title-heading title-heading-center title-heading-tag\" style=\"margin:0;letter-spacing:-0.012em;text-transform:var(--awb-typography1-text-transform);font-size:1em;line-height:1.2;\"><a href=\"https:\/\/jobtoolz.com\/FR_FR\/aide-memoire-sur-les-postes-vacants\/\" class=\"awb-custom-text-color awb-custom-text-hover-color\" target=\"_self\">Aide-m\u00e9moire sur les postes vacants<\/a><\/p><\/div><\/div><\/li>\n<\/ul><\/div><\/div><\/div><\/div><\/div>\n","protected":false},"excerpt":{"rendered":"","protected":false},"author":3,"featured_media":0,"parent":0,"menu_order":0,"comment_status":"closed","ping_status":"closed","template":"100-width.php","meta":{"_acf_changed":false,"content-type":"","inline_featured_image":false,"_monsterinsights_skip_tracking":false,"_monsterinsights_sitenote_active":false,"_monsterinsights_sitenote_note":"","_monsterinsights_sitenote_category":0,"footnotes":""},"class_list":["post-4278","page","type-page","status-publish","hentry"],"acf":[],"yoast_head":"<!-- This site is optimized with the Yoast SEO plugin v27.3 - https:\/\/yoast.com\/product\/yoast-seo-wordpress\/ -->\n<title>Blog - Jobtoolz - Applicant Tracking System (ATS)<\/title>\n<meta name=\"robots\" content=\"index, follow, max-snippet:-1, max-image-preview:large, max-video-preview:-1\" \/>\n<link rel=\"canonical\" href=\"https:\/\/jobtoolz.com\/FR_FR\/blog\/\" \/>\n<meta property=\"og:locale\" content=\"fr_FR\" \/>\n<meta property=\"og:type\" content=\"article\" \/>\n<meta property=\"og:title\" content=\"Blog - Jobtoolz - Applicant Tracking System (ATS)\" \/>\n<meta property=\"og:url\" content=\"https:\/\/jobtoolz.com\/FR_FR\/blog\/\" \/>\n<meta property=\"og:site_name\" content=\"Jobtoolz - Applicant Tracking System (ATS)\" \/>\n<meta property=\"article:modified_time\" content=\"2025-02-21T10:41:25+00:00\" \/>\n<meta name=\"twitter:card\" content=\"summary_large_image\" \/>\n<meta name=\"twitter:label1\" content=\"Est. reading time\" \/>\n\t<meta name=\"twitter:data1\" content=\"1 minute\" \/>\n<script type=\"application\/ld+json\" class=\"yoast-schema-graph\">{\"@context\":\"https:\\\/\\\/schema.org\",\"@graph\":[{\"@type\":\"WebPage\",\"@id\":\"https:\\\/\\\/jobtoolz.com\\\/FR_FR\\\/blog\\\/\",\"url\":\"https:\\\/\\\/jobtoolz.com\\\/FR_FR\\\/blog\\\/\",\"name\":\"Blog - Jobtoolz - Applicant Tracking System (ATS)\",\"isPartOf\":{\"@id\":\"https:\\\/\\\/jobtoolz.com\\\/#website\"},\"datePublished\":\"2023-09-01T13:13:52+00:00\",\"dateModified\":\"2025-02-21T10:41:25+00:00\",\"inLanguage\":\"fr\",\"potentialAction\":[{\"@type\":\"ReadAction\",\"target\":[\"https:\\\/\\\/jobtoolz.com\\\/FR_FR\\\/blog\\\/\"]}]},{\"@type\":\"WebSite\",\"@id\":\"https:\\\/\\\/jobtoolz.com\\\/#website\",\"url\":\"https:\\\/\\\/jobtoolz.com\\\/\",\"name\":\"Jobtoolz - Applicant Tracking System (ATS)\",\"description\":\"Easiest recruitment tool on earth that actually fills vacancies\",\"publisher\":{\"@id\":\"https:\\\/\\\/jobtoolz.com\\\/#organization\"},\"potentialAction\":[{\"@type\":\"SearchAction\",\"target\":{\"@type\":\"EntryPoint\",\"urlTemplate\":\"https:\\\/\\\/jobtoolz.com\\\/?s={search_term_string}\"},\"query-input\":{\"@type\":\"PropertyValueSpecification\",\"valueRequired\":true,\"valueName\":\"search_term_string\"}}],\"inLanguage\":\"fr\"},{\"@type\":\"Organization\",\"@id\":\"https:\\\/\\\/jobtoolz.com\\\/#organization\",\"name\":\"Jobtoolz - Applicant Tracking System (ATS)\",\"url\":\"https:\\\/\\\/jobtoolz.com\\\/\",\"logo\":{\"@type\":\"ImageObject\",\"inLanguage\":\"fr\",\"@id\":\"https:\\\/\\\/jobtoolz.com\\\/#\\\/schema\\\/logo\\\/image\\\/\",\"url\":\"https:\\\/\\\/jobtoolz.com\\\/wp-content\\\/uploads\\\/2024\\\/01\\\/Logo-Jobtoolz.png\",\"contentUrl\":\"https:\\\/\\\/jobtoolz.com\\\/wp-content\\\/uploads\\\/2024\\\/01\\\/Logo-Jobtoolz.png\",\"width\":200,\"height\":200,\"caption\":\"Jobtoolz - Applicant Tracking System (ATS)\"},\"image\":{\"@id\":\"https:\\\/\\\/jobtoolz.com\\\/#\\\/schema\\\/logo\\\/image\\\/\"}}]}<\/script>\n<!-- \/ Yoast SEO plugin. -->","yoast_head_json":{"title":"Blog - Jobtoolz - Applicant Tracking System (ATS)","robots":{"index":"index","follow":"follow","max-snippet":"max-snippet:-1","max-image-preview":"max-image-preview:large","max-video-preview":"max-video-preview:-1"},"canonical":"https:\/\/jobtoolz.com\/FR_FR\/blog\/","og_locale":"fr_FR","og_type":"article","og_title":"Blog - Jobtoolz - Applicant Tracking System (ATS)","og_url":"https:\/\/jobtoolz.com\/FR_FR\/blog\/","og_site_name":"Jobtoolz - Applicant Tracking System (ATS)","article_modified_time":"2025-02-21T10:41:25+00:00","twitter_card":"summary_large_image","twitter_misc":{"Est. reading time":"1 minute"},"schema":{"@context":"https:\/\/schema.org","@graph":[{"@type":"WebPage","@id":"https:\/\/jobtoolz.com\/FR_FR\/blog\/","url":"https:\/\/jobtoolz.com\/FR_FR\/blog\/","name":"Blog - Jobtoolz - Applicant Tracking System (ATS)","isPartOf":{"@id":"https:\/\/jobtoolz.com\/#website"},"datePublished":"2023-09-01T13:13:52+00:00","dateModified":"2025-02-21T10:41:25+00:00","inLanguage":"fr","potentialAction":[{"@type":"ReadAction","target":["https:\/\/jobtoolz.com\/FR_FR\/blog\/"]}]},{"@type":"WebSite","@id":"https:\/\/jobtoolz.com\/#website","url":"https:\/\/jobtoolz.com\/","name":"Jobtoolz - Applicant Tracking System (ATS)","description":"Easiest recruitment tool on earth that actually fills vacancies","publisher":{"@id":"https:\/\/jobtoolz.com\/#organization"},"potentialAction":[{"@type":"SearchAction","target":{"@type":"EntryPoint","urlTemplate":"https:\/\/jobtoolz.com\/?s={search_term_string}"},"query-input":{"@type":"PropertyValueSpecification","valueRequired":true,"valueName":"search_term_string"}}],"inLanguage":"fr"},{"@type":"Organization","@id":"https:\/\/jobtoolz.com\/#organization","name":"Jobtoolz - Applicant Tracking System (ATS)","url":"https:\/\/jobtoolz.com\/","logo":{"@type":"ImageObject","inLanguage":"fr","@id":"https:\/\/jobtoolz.com\/#\/schema\/logo\/image\/","url":"https:\/\/jobtoolz.com\/wp-content\/uploads\/2024\/01\/Logo-Jobtoolz.png","contentUrl":"https:\/\/jobtoolz.com\/wp-content\/uploads\/2024\/01\/Logo-Jobtoolz.png","width":200,"height":200,"caption":"Jobtoolz - Applicant Tracking System (ATS)"},"image":{"@id":"https:\/\/jobtoolz.com\/#\/schema\/logo\/image\/"}}]}},"_links":{"self":[{"href":"https:\/\/jobtoolz.com\/FR_FR\/wp-json\/wp\/v2\/pages\/4278","targetHints":{"allow":["GET"]}}],"collection":[{"href":"https:\/\/jobtoolz.com\/FR_FR\/wp-json\/wp\/v2\/pages"}],"about":[{"href":"https:\/\/jobtoolz.com\/FR_FR\/wp-json\/wp\/v2\/types\/page"}],"author":[{"embeddable":true,"href":"https:\/\/jobtoolz.com\/FR_FR\/wp-json\/wp\/v2\/users\/3"}],"replies":[{"embeddable":true,"href":"https:\/\/jobtoolz.com\/FR_FR\/wp-json\/wp\/v2\/comments?post=4278"}],"version-history":[{"count":0,"href":"https:\/\/jobtoolz.com\/FR_FR\/wp-json\/wp\/v2\/pages\/4278\/revisions"}],"wp:attachment":[{"href":"https:\/\/jobtoolz.com\/FR_FR\/wp-json\/wp\/v2\/media?parent=4278"}],"curies":[{"name":"wp","href":"https:\/\/api.w.org\/{rel}","templated":true}]}}